{"id":710,"date":"2026-03-16T14:17:06","date_gmt":"2026-03-16T14:17:06","guid":{"rendered":"https:\/\/eisliva.de\/?page_id=710"},"modified":"2026-05-01T17:59:05","modified_gmt":"2026-05-01T17:59:05","slug":"eisliva","status":"publish","type":"page","link":"https:\/\/eisliva.de\/?page_id=710","title":{"rendered":"Eisliva DS"},"content":{"rendered":"\t\t<div data-elementor-type=\"wp-page\" data-elementor-id=\"710\" class=\"elementor elementor-710\">\n\t\t\t\t\t\t<section class=\"elementor-section elementor-top-section elementor-element elementor-element-bcc6226 elementor-section-height-full elementor-section-content-middle elementor-section-boxed elementor-section-height-default elementor-section-items-middle\" data-id=\"bcc6226\" data-element_type=\"section\" data-e-type=\"section\">\n\t\t\t\t\t\t\t<div class=\"elementor-background-overlay\"><\/div>\n\t\t\t\t\t\t\t<div class=\"elementor-container elementor-column-gap-default\">\n\t\t\t\t\t<div class=\"elementor-column elementor-col-25 elementor-top-column elementor-element elementor-element-488c458\" data-id=\"488c458\" data-element_type=\"column\" data-e-type=\"column\">\n\t\t\t<div class=\"elementor-widget-wrap elementor-element-populated\">\n\t\t\t\t\t\t<div class=\"elementor-element elementor-element-80b6d59 elementor-widget elementor-widget-wp-widget-wettervorhersage_widget\" data-id=\"80b6d59\" data-element_type=\"widget\" data-e-type=\"widget\" data-widget_type=\"wp-widget-wettervorhersage_widget.default\">\n\t\t\t\t<div class=\"elementor-widget-container\">\n\t\t\t\t\t\n        <div id=\"\"\n             class=\"weather_widget_wrap wettervorhersage-widget weather_widget_style2\"\n             data-text-color='#ffffff'\n             data-background=\"#16a2d0\"\n             data-width=\"tight\"\n             data-days=\"4\"\n             data-sunrise=\"false\"\n             data-wind=\"false\"\n             data-language=\"german\"\n             data-city=\"Aachen\"\n             data-country=\"Germany\">\n\n            <div class=\"weather_widget_placeholder\"><\/div>\n<!--            <div style=\"font-size: 14px;text-align: center;padding-top: 6px;padding-bottom: 4px;background: rgba(0,0,0,0.03);\">-->\n<!--                Powered by <a target=\"_blank\" href=\"https:\/\/www.wetter2.com\">Wetter2.com<\/a>-->\n<!--            <\/div>-->\n        <\/div>\n        \t\t\t\t<\/div>\n\t\t\t\t<\/div>\n\t\t\t\t\t<\/div>\n\t\t<\/div>\n\t\t\t\t<div class=\"elementor-column elementor-col-25 elementor-top-column elementor-element elementor-element-92a93c5\" data-id=\"92a93c5\" data-element_type=\"column\" data-e-type=\"column\">\n\t\t\t<div class=\"elementor-widget-wrap elementor-element-populated\">\n\t\t\t\t\t\t<div class=\"elementor-element elementor-element-725b21a elementor-widget elementor-widget-text-editor\" data-id=\"725b21a\" data-element_type=\"widget\" data-e-type=\"widget\" data-widget_type=\"text-editor.default\">\n\t\t\t\t<div class=\"elementor-widget-container\">\n\t\t\t\t\t\t\t\t\t<p><span style=\"font-size: 18pt;\"><span style=\"color: #ffffff;\">\u00d6ffnungszeiten<\/span>&nbsp;<\/span><\/p>\n<p><span style=\"color: #ffffff; font-size: 18pt;\">T\u00e4glich auch Sonn- und Feiertage&nbsp;<\/span><\/p>\n<p><span style=\"color: #ffffff; font-size: 18pt;\">12:00 Uhr bis 20:00 Uhr<\/span><\/p><p><span style=\"color: #ffffff; font-size: 18pt;\">Kartenzahlung ab 10\u20ac<\/span><\/p><p><font color=\"#ffffff\"><span style=\"font-size: 24px;\">Terasse Selbstbedienung<\/span><\/font><span style=\"font-size: 0.875rem;\">Ka<\/span><\/p>\t\t\t\t\t\t\t\t<\/div>\n\t\t\t\t<\/div>\n\t\t\t\t\t<\/div>\n\t\t<\/div>\n\t\t\t\t<div class=\"elementor-column elementor-col-50 elementor-top-column elementor-element elementor-element-79d21a5\" data-id=\"79d21a5\" data-element_type=\"column\" data-e-type=\"column\">\n\t\t\t<div class=\"elementor-widget-wrap elementor-element-populated\">\n\t\t\t\t\t\t<div class=\"elementor-element elementor-element-c78db4b elementor-widget elementor-widget-image-carousel\" data-id=\"c78db4b\" data-element_type=\"widget\" data-e-type=\"widget\" data-settings=\"{&quot;slides_to_show&quot;:&quot;1&quot;,&quot;navigation&quot;:&quot;none&quot;,&quot;autoplay&quot;:&quot;yes&quot;,&quot;pause_on_hover&quot;:&quot;yes&quot;,&quot;pause_on_interaction&quot;:&quot;yes&quot;,&quot;autoplay_speed&quot;:5000,&quot;infinite&quot;:&quot;yes&quot;,&quot;effect&quot;:&quot;slide&quot;,&quot;speed&quot;:500}\" data-widget_type=\"image-carousel.default\">\n\t\t\t\t<div class=\"elementor-widget-container\">\n\t\t\t\t\t\t\t<div class=\"elementor-image-carousel-wrapper swiper\" role=\"region\" aria-roledescription=\"carousel\" aria-label=\"Bild Karussell\" dir=\"ltr\">\n\t\t\t<div class=\"elementor-image-carousel swiper-wrapper\" aria-live=\"off\">\n\t\t\t\t\t\t\t\t<div class=\"swiper-slide\" role=\"group\" aria-roledescription=\"slide\" aria-label=\"1 von 20\"><figure class=\"swiper-slide-inner\"><img decoding=\"async\" class=\"swiper-slide-image\" src=\"https:\/\/eisliva.de\/wp-content\/uploads\/elementor\/thumbs\/IMG_0272-scaled-rklg5n3jhqd9xly4qlekwbujba2a8z5fi49p0qbteo.jpg\" alt=\"Fr\u00fcchtebecher - mit frischen Fr\u00fcchten\n der Saison\" \/><figcaption class=\"elementor-image-carousel-caption\">Fr\u00fcchtebecher - mit frischen Fr\u00fcchten\n der Saison<\/figcaption><\/figure><\/div><div class=\"swiper-slide\" role=\"group\" aria-roledescription=\"slide\" aria-label=\"2 von 20\"><figure class=\"swiper-slide-inner\"><img decoding=\"async\" class=\"swiper-slide-image\" src=\"https:\/\/eisliva.de\/wp-content\/uploads\/elementor\/thumbs\/20230604_175615-scaled-rklg4tyjlv9dxp4ggqt59178wc1wmcxr241n55j0rk.jpg\" alt=\"Erdbeerbecher mit frischen Erdbeeren und selbstgemachter So\u00dfe\" \/><figcaption class=\"elementor-image-carousel-caption\">Erdbeerbecher mit frischen Erdbeeren und selbstgemachter So\u00dfe<\/figcaption><\/figure><\/div><div class=\"swiper-slide\" role=\"group\" aria-roledescription=\"slide\" aria-label=\"3 von 20\"><figure class=\"swiper-slide-inner\"><img decoding=\"async\" class=\"swiper-slide-image\" src=\"https:\/\/eisliva.de\/wp-content\/uploads\/elementor\/thumbs\/IMG_0271-scaled-rklg4hqn50snqrm7g3izuma96bq4ual8ofkbwk150g.jpg\" alt=\"Rafaellobecher\" \/><figcaption class=\"elementor-image-carousel-caption\">Rafaellobecher<\/figcaption><\/figure><\/div><div class=\"swiper-slide\" role=\"group\" aria-roledescription=\"slide\" aria-label=\"4 von 20\"><figure class=\"swiper-slide-inner\"><img decoding=\"async\" class=\"swiper-slide-image\" src=\"https:\/\/eisliva.de\/wp-content\/uploads\/elementor\/thumbs\/IMG_4982-scaled-rklg2rpalyfqgi4bicpma1xtyw7wq9qyfwia8al4f4.jpg\" alt=\"Mit Pistazien\" \/><figcaption class=\"elementor-image-carousel-caption\">Mit Pistazien<\/figcaption><\/figure><\/div><div class=\"swiper-slide\" role=\"group\" aria-roledescription=\"slide\" aria-label=\"5 von 20\"><figure class=\"swiper-slide-inner\"><img decoding=\"async\" class=\"swiper-slide-image\" src=\"https:\/\/eisliva.de\/wp-content\/uploads\/elementor\/thumbs\/IMG_5097-scaled-rklfk0t6awruwhcmz8zhjs8vg8md7lboj43nnmdsio.jpg\" alt=\"Melonenbecher - mit frischer Melone\" \/><figcaption class=\"elementor-image-carousel-caption\">Melonenbecher - mit frischer Melone<\/figcaption><\/figure><\/div><div class=\"swiper-slide\" role=\"group\" aria-roledescription=\"slide\" aria-label=\"6 von 20\"><figure class=\"swiper-slide-inner\"><img decoding=\"async\" class=\"swiper-slide-image\" src=\"https:\/\/eisliva.de\/wp-content\/uploads\/elementor\/thumbs\/IMG_1235-1-scaled-rklfhetbbh76nh5684csmfys1phntuyiu6v3ny95sw.jpg\" alt=\"Spaghettieis - verschiedene Sorten\" \/><figcaption class=\"elementor-image-carousel-caption\">Spaghettieis - verschiedene Sorten<\/figcaption><\/figure><\/div><div class=\"swiper-slide\" role=\"group\" aria-roledescription=\"slide\" aria-label=\"7 von 20\"><figure class=\"swiper-slide-inner\"><img decoding=\"async\" class=\"swiper-slide-image\" src=\"https:\/\/eisliva.de\/wp-content\/uploads\/elementor\/thumbs\/cremig-dessert-diat-461430-nrbhed5nghfhvatczk2nhl799dbdvwmkodq1hi9k0w.jpg\" alt=\"Aus eigener Herstellung\" \/><figcaption class=\"elementor-image-carousel-caption\">Aus eigener Herstellung<\/figcaption><\/figure><\/div><div class=\"swiper-slide\" role=\"group\" aria-roledescription=\"slide\" aria-label=\"8 von 20\"><figure class=\"swiper-slide-inner\"><img decoding=\"async\" class=\"swiper-slide-image\" src=\"https:\/\/eisliva.de\/wp-content\/uploads\/elementor\/thumbs\/Image-Resizer-Photo-Kompressor_e241ff09-a41c-4b7b-8a27-d3ee130ddcd3-rlgwzcmnjzgcny8n77npzpg30w7jtspjgu673wvqg0.jpeg\" alt=\"Aftereight Becher zum mitnehmen\" \/><figcaption class=\"elementor-image-carousel-caption\">Aftereight Becher zum mitnehmen <\/figcaption><\/figure><\/div><div class=\"swiper-slide\" role=\"group\" aria-roledescription=\"slide\" aria-label=\"9 von 20\"><figure class=\"swiper-slide-inner\"><img decoding=\"async\" class=\"swiper-slide-image\" src=\"https:\/\/eisliva.de\/wp-content\/uploads\/elementor\/thumbs\/Image-Resizer-Photo-Kompressor_141717ac-e3fc-4bfe-9ef9-a482a3c034da-rlgwwy5i385yztq986a1mb9odg1s5n68gy5iygfycg.jpeg\" alt=\"Karamell Becher zum Mitnehmen\" \/><figcaption class=\"elementor-image-carousel-caption\">Karamell Becher zum Mitnehmen <\/figcaption><\/figure><\/div><div class=\"swiper-slide\" role=\"group\" aria-roledescription=\"slide\" aria-label=\"10 von 20\"><figure class=\"swiper-slide-inner\"><img decoding=\"async\" class=\"swiper-slide-image\" src=\"https:\/\/eisliva.de\/wp-content\/uploads\/elementor\/thumbs\/20180908_1333482-rlgxu2yozziu8zlmqzvm0g9m7eqkhjpm0y0oylbd0g.jpg\" alt=\"20180908_133348~2\" \/><\/figure><\/div><div class=\"swiper-slide\" role=\"group\" aria-roledescription=\"slide\" aria-label=\"11 von 20\"><figure class=\"swiper-slide-inner\"><img decoding=\"async\" class=\"swiper-slide-image\" src=\"https:\/\/eisliva.de\/wp-content\/uploads\/elementor\/thumbs\/20180908_1334022-scaled-rlgxuaheint4tvapj34mkedayhpi74jgpz8kst07mo.jpg\" alt=\"20180908_133402~2\" \/><\/figure><\/div><div class=\"swiper-slide\" role=\"group\" aria-roledescription=\"slide\" aria-label=\"12 von 20\"><figure class=\"swiper-slide-inner\"><img decoding=\"async\" class=\"swiper-slide-image\" src=\"https:\/\/eisliva.de\/wp-content\/uploads\/elementor\/thumbs\/4495F101-591B-496C-A7C5-1009B779994D3-rlgxue8r9zya4b58x4r4udf5c16z1wye2huipwumxs.jpg\" alt=\"4495F101-591B-496C-A7C5-1009B779994D~3\" \/><\/figure><\/div><div class=\"swiper-slide\" role=\"group\" aria-roledescription=\"slide\" aria-label=\"13 von 20\"><figure class=\"swiper-slide-inner\"><img decoding=\"async\" class=\"swiper-slide-image\" src=\"https:\/\/eisliva.de\/wp-content\/uploads\/elementor\/thumbs\/20230604_1756112-scaled-rlgxug4fno0urj2im5kdzcy2isxphb5uqr5hogrulc.jpg\" alt=\"20230604_175611~2\" \/><\/figure><\/div><div class=\"swiper-slide\" role=\"group\" aria-roledescription=\"slide\" aria-label=\"14 von 20\"><figure class=\"swiper-slide-inner\"><img decoding=\"async\" class=\"swiper-slide-image\" src=\"https:\/\/eisliva.de\/wp-content\/uploads\/elementor\/thumbs\/IMG_37592-rlgxujvsf0601yx2076w9bzwwcf6c3ks39rflkm9wg.jpg\" alt=\"IMG_3759~2\" \/><\/figure><\/div><div class=\"swiper-slide\" role=\"group\" aria-roledescription=\"slide\" aria-label=\"15 von 20\"><figure class=\"swiper-slide-inner\"><img decoding=\"async\" class=\"swiper-slide-image\" src=\"https:\/\/eisliva.de\/wp-content\/uploads\/elementor\/thumbs\/IMG_5016-scaled-rlgxunn56cb5cerle8tejb1r9vwn6vzpfsddiogp7k.jpg\" alt=\"IMG_5016\" \/><\/figure><\/div><div class=\"swiper-slide\" role=\"group\" aria-roledescription=\"slide\" aria-label=\"16 von 20\"><figure class=\"swiper-slide-inner\"><img decoding=\"async\" class=\"swiper-slide-image\" src=\"https:\/\/eisliva.de\/wp-content\/uploads\/elementor\/thumbs\/IMG_5098-scaled-rlgxuscc4ihkygkrmsujdrv28t9h9did4fmsx29qcg.jpg\" alt=\"IMG_5098\" \/><\/figure><\/div><div class=\"swiper-slide\" role=\"group\" aria-roledescription=\"slide\" aria-label=\"17 von 20\"><figure class=\"swiper-slide-inner\"><img decoding=\"async\" class=\"swiper-slide-image\" src=\"https:\/\/eisliva.de\/wp-content\/uploads\/elementor\/thumbs\/IMG_5005-scaled-rklfi70h0i9sbs07ngjlp8ulv9mo8s2gy2fo293cm8.jpg\" alt=\"IMG_5005\" \/><\/figure><\/div><div class=\"swiper-slide\" role=\"group\" aria-roledescription=\"slide\" aria-label=\"18 von 20\"><figure class=\"swiper-slide-inner\"><img decoding=\"async\" class=\"swiper-slide-image\" src=\"https:\/\/eisliva.de\/wp-content\/uploads\/elementor\/thumbs\/20260401_1537132-1-rmttfvj1c950a8aut2be9v0jidduvz4c9ig81rvjj4.jpg\" alt=\"After8 Becher\" \/><figcaption class=\"elementor-image-carousel-caption\">After8 Becher<\/figcaption><\/figure><\/div><div class=\"swiper-slide\" role=\"group\" aria-roledescription=\"slide\" aria-label=\"19 von 20\"><figure class=\"swiper-slide-inner\"><img decoding=\"async\" class=\"swiper-slide-image\" src=\"https:\/\/eisliva.de\/wp-content\/uploads\/elementor\/thumbs\/Karamell-scaled-rmttjqn5fqfg0ios8qg6ivwrfec6j6gm4n032q59y8.jpg\" alt=\"Karamellbecher\" \/><figcaption class=\"elementor-image-carousel-caption\">Karamellbecher<\/figcaption><\/figure><\/div><div class=\"swiper-slide\" role=\"group\" aria-roledescription=\"slide\" aria-label=\"20 von 20\"><figure class=\"swiper-slide-inner\"><img decoding=\"async\" class=\"swiper-slide-image\" src=\"https:\/\/eisliva.de\/wp-content\/uploads\/elementor\/thumbs\/Kaffee-rmttnt9z1w06borsghtzbuwo3i9fvymqosrtxw3uzk.jpg\" alt=\"Kaffee aus Siebtr\u00e4germaschine\" \/><figcaption class=\"elementor-image-carousel-caption\">Kaffee aus Siebtr\u00e4germaschine<\/figcaption><\/figure><\/div>\t\t\t<\/div>\n\t\t\t\t\t\t\t\n\t\t\t\t\t\t\t\t\t<\/div>\n\t\t\t\t\t\t<\/div>\n\t\t\t\t<\/div>\n\t\t\t\t\t<\/div>\n\t\t<\/div>\n\t\t\t\t\t<\/div>\n\t\t<\/section>\n\t\t\t\t<\/div>\n\t\t","protected":false},"excerpt":{"rendered":"<p>\u00d6ffnungszeiten&nbsp; T\u00e4glich auch Sonn- und Feiertage&nbsp; 12:00 Uhr bis 20:00 Uhr Kartenzahlung ab 10\u20ac Terasse SelbstbedienungKa Fr\u00fcchtebecher &#8211; mit frischen Fr\u00fcchten der Saison Erdbeerbecher mit frischen Erdbeeren und selbstgemachter So\u00dfe Rafaellobecher Mit Pistazien Melonenbecher &#8211; mit frischer Melone Spaghettieis &#8211; verschiedene Sorten Aus eigener Herstellung Aftereight Becher zum mitnehmen Karamell Becher zum Mitnehmen After8 Becher&#8230;<\/p>\n","protected":false},"author":1,"featured_media":0,"parent":0,"menu_order":0,"comment_status":"closed","ping_status":"closed","template":"elementor_canvas","meta":{"footnotes":""},"class_list":["post-710","page","type-page","status-publish","hentry"],"_links":{"self":[{"href":"https:\/\/eisliva.de\/index.php?rest_route=\/wp\/v2\/pages\/710","targetHints":{"allow":["GET"]}}],"collection":[{"href":"https:\/\/eisliva.de\/index.php?rest_route=\/wp\/v2\/pages"}],"about":[{"href":"https:\/\/eisliva.de\/index.php?rest_route=\/wp\/v2\/types\/page"}],"author":[{"embeddable":true,"href":"https:\/\/eisliva.de\/index.php?rest_route=\/wp\/v2\/users\/1"}],"replies":[{"embeddable":true,"href":"https:\/\/eisliva.de\/index.php?rest_route=%2Fwp%2Fv2%2Fcomments&post=710"}],"version-history":[{"count":138,"href":"https:\/\/eisliva.de\/index.php?rest_route=\/wp\/v2\/pages\/710\/revisions"}],"predecessor-version":[{"id":893,"href":"https:\/\/eisliva.de\/index.php?rest_route=\/wp\/v2\/pages\/710\/revisions\/893"}],"wp:attachment":[{"href":"https:\/\/eisliva.de\/index.php?rest_route=%2Fwp%2Fv2%2Fmedia&parent=710"}],"curies":[{"name":"wp","href":"https:\/\/api.w.org\/{rel}","templated":true}]}}